{"id":334,"date":"2017-08-22T10:57:50","date_gmt":"2017-08-22T08:57:50","guid":{"rendered":"http:\/\/bridge93.qodeinteractive.com\/?page_id=334"},"modified":"2021-12-21T10:57:02","modified_gmt":"2021-12-21T09:57:02","slug":"plats","status":"publish","type":"page","link":"https:\/\/cafe-peacock.fr\/en\/plats\/","title":{"rendered":"Dishes &#038; desserts"},"content":{"rendered":"<p>[vc_row css_animation=&#8221;&#8221; row_type=&#8221;row&#8221; use_row_as_full_screen_section=&#8221;no&#8221; type=&#8221;grid&#8221; angled_section=&#8221;no&#8221; text_align=&#8221;center&#8221; background_image_as_pattern=&#8221;without_pattern&#8221; css=&#8221;.vc_custom_1546444682417{margin-top: 5% !important;padding-bottom: 5% !important;}&#8221; z_index=&#8221;&#8221;][vc_column]<div class=\"qode-advanced-image-gallery imagemenu qode-aig-masonry-type qode-tiny-space  qode-image-behavior-zoom qode-aig-images-fixed\">\n\t<div class=\"qode-aig-inner qode-outer-space qode-aig-masonry qode-aig-four-columns\">\n\t\t<div class=\"qode-aig-grid-sizer\"><\/div>\n\t\t<div class=\"qode-aig-grid-gutter\"><\/div>\n\t\t\t\t\t\t\t\t<div class=\"qode-aig-image qode-item-space qode-aig-default-masonry-item\">\n\t\t\t\t<div class=\"qode-aig-image-inner\">\n\t\t\t\t\t\t\t\t\t\t\t<img loading=\"lazy\" decoding=\"async\" width=\"200\" height=\"300\" src=\"https:\/\/cafe-peacock.fr\/wp-content\/uploads\/2018\/10\/2018-10-Cafe\u0301-Peacock-091-200x300.jpg\" class=\"attachment-medium size-medium\" alt=\"\" srcset=\"https:\/\/cafe-peacock.fr\/wp-content\/uploads\/2018\/10\/2018-10-Cafe\u0301-Peacock-091-200x300.jpg 200w, https:\/\/cafe-peacock.fr\/wp-content\/uploads\/2018\/10\/2018-10-Cafe\u0301-Peacock-091-768x1152.jpg 768w, https:\/\/cafe-peacock.fr\/wp-content\/uploads\/2018\/10\/2018-10-Cafe\u0301-Peacock-091-683x1024.jpg 683w, https:\/\/cafe-peacock.fr\/wp-content\/uploads\/2018\/10\/2018-10-Cafe\u0301-Peacock-091-700x1050.jpg 700w, https:\/\/cafe-peacock.fr\/wp-content\/uploads\/2018\/10\/2018-10-Cafe\u0301-Peacock-091.jpg 1067w\" sizes=\"(max-width: 200px) 100vw, 200px\" \/>\t\t\t\t\t\t<span class=\"aig-gallery-hover\">\n\t\t\t\t\t\t\t\t\t\t\t\t\t<\/span>\n\t\t\t\t\t\t\t\t\t<\/div>\n\t\t\t<\/div>\n\t\t\t\t\t\t\t\t<div class=\"qode-aig-image qode-item-space qode-aig-default-masonry-item\">\n\t\t\t\t<div class=\"qode-aig-image-inner\">\n\t\t\t\t\t\t\t\t\t\t\t<img loading=\"lazy\" decoding=\"async\" width=\"200\" height=\"300\" src=\"https:\/\/cafe-peacock.fr\/wp-content\/uploads\/2018\/10\/2018-10-Cafe\u0301-Peacock-104-200x300.jpg\" class=\"attachment-medium size-medium\" alt=\"\" srcset=\"https:\/\/cafe-peacock.fr\/wp-content\/uploads\/2018\/10\/2018-10-Cafe\u0301-Peacock-104-200x300.jpg 200w, https:\/\/cafe-peacock.fr\/wp-content\/uploads\/2018\/10\/2018-10-Cafe\u0301-Peacock-104-768x1152.jpg 768w, https:\/\/cafe-peacock.fr\/wp-content\/uploads\/2018\/10\/2018-10-Cafe\u0301-Peacock-104-683x1024.jpg 683w, https:\/\/cafe-peacock.fr\/wp-content\/uploads\/2018\/10\/2018-10-Cafe\u0301-Peacock-104-700x1050.jpg 700w, https:\/\/cafe-peacock.fr\/wp-content\/uploads\/2018\/10\/2018-10-Cafe\u0301-Peacock-104.jpg 1067w\" sizes=\"(max-width: 200px) 100vw, 200px\" \/>\t\t\t\t\t\t<span class=\"aig-gallery-hover\">\n\t\t\t\t\t\t\t\t\t\t\t\t\t<\/span>\n\t\t\t\t\t\t\t\t\t<\/div>\n\t\t\t<\/div>\n\t\t\t\t\t\t\t\t<div class=\"qode-aig-image qode-item-space qode-aig-default-masonry-item\">\n\t\t\t\t<div class=\"qode-aig-image-inner\">\n\t\t\t\t\t\t\t\t\t\t\t<img loading=\"lazy\" decoding=\"async\" width=\"200\" height=\"300\" src=\"https:\/\/cafe-peacock.fr\/wp-content\/uploads\/2018\/10\/2018-10-Cafe\u0301-Peacock-101-200x300.jpg\" class=\"attachment-medium size-medium\" alt=\"\" srcset=\"https:\/\/cafe-peacock.fr\/wp-content\/uploads\/2018\/10\/2018-10-Cafe\u0301-Peacock-101-200x300.jpg 200w, https:\/\/cafe-peacock.fr\/wp-content\/uploads\/2018\/10\/2018-10-Cafe\u0301-Peacock-101-768x1152.jpg 768w, https:\/\/cafe-peacock.fr\/wp-content\/uploads\/2018\/10\/2018-10-Cafe\u0301-Peacock-101-683x1024.jpg 683w, https:\/\/cafe-peacock.fr\/wp-content\/uploads\/2018\/10\/2018-10-Cafe\u0301-Peacock-101-700x1050.jpg 700w, https:\/\/cafe-peacock.fr\/wp-content\/uploads\/2018\/10\/2018-10-Cafe\u0301-Peacock-101.jpg 1067w\" sizes=\"(max-width: 200px) 100vw, 200px\" \/>\t\t\t\t\t\t<span class=\"aig-gallery-hover\">\n\t\t\t\t\t\t\t\t\t\t\t\t\t<\/span>\n\t\t\t\t\t\t\t\t\t<\/div>\n\t\t\t<\/div>\n\t\t\t\t\t\t\t\t<div class=\"qode-aig-image qode-item-space qode-aig-default-masonry-item\">\n\t\t\t\t<div class=\"qode-aig-image-inner\">\n\t\t\t\t\t\t\t\t\t\t\t<img loading=\"lazy\" decoding=\"async\" width=\"200\" height=\"300\" src=\"https:\/\/cafe-peacock.fr\/wp-content\/uploads\/2018\/10\/2018-10-Cafe\u0301-Peacock-117-200x300.jpg\" class=\"attachment-medium size-medium\" alt=\"\" srcset=\"https:\/\/cafe-peacock.fr\/wp-content\/uploads\/2018\/10\/2018-10-Cafe\u0301-Peacock-117-200x300.jpg 200w, https:\/\/cafe-peacock.fr\/wp-content\/uploads\/2018\/10\/2018-10-Cafe\u0301-Peacock-117-768x1152.jpg 768w, https:\/\/cafe-peacock.fr\/wp-content\/uploads\/2018\/10\/2018-10-Cafe\u0301-Peacock-117-683x1024.jpg 683w, https:\/\/cafe-peacock.fr\/wp-content\/uploads\/2018\/10\/2018-10-Cafe\u0301-Peacock-117-700x1050.jpg 700w, https:\/\/cafe-peacock.fr\/wp-content\/uploads\/2018\/10\/2018-10-Cafe\u0301-Peacock-117.jpg 1067w\" sizes=\"(max-width: 200px) 100vw, 200px\" \/>\t\t\t\t\t\t<span class=\"aig-gallery-hover\">\n\t\t\t\t\t\t\t\t\t\t\t\t\t<\/span>\n\t\t\t\t\t\t\t\t\t<\/div>\n\t\t\t<\/div>\n\t\t\t<\/div>\n<\/div>[qode_elements_holder number_of_columns=&#8221;two_columns&#8221;][qode_elements_holder_item background_color=&#8221;#ffffff&#8221; item_padding=&#8221;90px 20px 25px 0px&#8221; vertical_alignment=&#8221;top&#8221; advanced_animations=&#8221;no&#8221; item_padding_600_768=&#8221;90px 40px 0px 40px&#8221; item_padding_480=&#8221;60px 20px 0px 20px&#8221;]<div class=\"qode-restaurant-menu-list\" ><div class=\"qode-restaurant-menu-list-holder-title-holder\"><h3 class=\"qode-restaurant-menu-list-holder-title\">Starters<\/h3><h6 class=\"qode-restaurant-menu-list-holder-label\"><span><\/span><\/h6><\/div><ul class=\"qode-rml-holder\"><li class=\"qode-rml-item clearfix\">\n\t\t<div class=\"qode-rml-item-content\">\n\t\t<div class=\"qode-rml-top-holder\">\n\t\t\t<div class=\"qode-rml-title-holder\">\n\t\t\t\t<h5 class=\"qode-rml-title\">\n\t\t\t\t\tPoke Bowl with Shrimp\t\t\t\t<\/h5>\n\t\t\t<\/div>\n\t\t\t<div class=\"qode-rml-line\"><\/div>\n\n\t\t\t\t\t\t\t<div class=\"qode-rml-price-holder\">\n\t\t\t\t\t<h5 class=\"qode-rml-price\">15,50<\/h5>\n\t\t\t\t<\/div>\n\n\t\t\t\t\t<\/div>\n\t\t<div class=\"qode-rml-bottom-holder clearfix\">\n\t\t\t\t\t\t<h6 class=\"qode-rml-description-holder\">\n\t\t\t\tSeasoned Black Rice, Shrimp, Romanesco Cauliflower Pickles, Cashews\t\t\t<\/h6>\n\t\t\t\n\t\t\t\t\t<\/div>\n\t<\/div>\n\n<\/li><li class=\"qode-rml-item clearfix\">\n\t\t<div class=\"qode-rml-item-content\">\n\t\t<div class=\"qode-rml-top-holder\">\n\t\t\t<div class=\"qode-rml-title-holder\">\n\t\t\t\t<h5 class=\"qode-rml-title\">\n\t\t\t\t\tCeasar Salad\t\t\t\t<\/h5>\n\t\t\t<\/div>\n\t\t\t<div class=\"qode-rml-line\"><\/div>\n\n\t\t\t\t\t\t\t<div class=\"qode-rml-price-holder\">\n\t\t\t\t\t<h5 class=\"qode-rml-price\">15,50\u20ac<\/h5>\n\t\t\t\t<\/div>\n\n\t\t\t\t\t<\/div>\n\t\t<div class=\"qode-rml-bottom-holder clearfix\">\n\t\t\t\t\t\t<h6 class=\"qode-rml-description-holder\">\n\t\t\t\tHomemade Crispy Chicken, Smoked Bacon, Poached Egg, Cherry Tomatoes, Parmesan Shavings, Caesar Dressing, Salad\t\t\t<\/h6>\n\t\t\t\n\t\t\t\t\t<\/div>\n\t<\/div>\n\n<\/li><li class=\"qode-rml-item clearfix\">\n\t\t<div class=\"qode-rml-item-content\">\n\t\t<div class=\"qode-rml-top-holder\">\n\t\t\t<div class=\"qode-rml-title-holder\">\n\t\t\t\t<h5 class=\"qode-rml-title\">\n\t\t\t\t\tSalmon plate\t\t\t\t<\/h5>\n\t\t\t<\/div>\n\t\t\t<div class=\"qode-rml-line\"><\/div>\n\n\t\t\t\t\t\t\t<div class=\"qode-rml-price-holder\">\n\t\t\t\t\t<h5 class=\"qode-rml-price\">13,90\u20ac<\/h5>\n\t\t\t\t<\/div>\n\n\t\t\t\t\t<\/div>\n\t\t<div class=\"qode-rml-bottom-holder clearfix\">\n\t\t\t\t\t\t<h6 class=\"qode-rml-description-holder\">\n\t\t\t\tSmoked Salmon Platter, Pancakes, Salad, and Condiments\t\t\t<\/h6>\n\t\t\t\n\t\t\t\t\t<\/div>\n\t<\/div>\n\n<\/li><\/ul><\/div>[vc_empty_space height=&#8221;75px&#8221;]<div class=\"qode-restaurant-menu-list\" ><div class=\"qode-restaurant-menu-list-holder-title-holder\"><h3 class=\"qode-restaurant-menu-list-holder-title\">Plats<\/h3><h6 class=\"qode-restaurant-menu-list-holder-label\">Tout fait maison<span><\/span><\/h6><\/div><ul class=\"qode-rml-holder\"><li class=\"qode-rml-item clearfix\">\n\t\t<div class=\"qode-rml-item-content\">\n\t\t<div class=\"qode-rml-top-holder\">\n\t\t\t<div class=\"qode-rml-title-holder\">\n\t\t\t\t<h5 class=\"qode-rml-title\">\n\t\t\t\t\tSalmon Tartare\t\t\t\t<\/h5>\n\t\t\t<\/div>\n\t\t\t<div class=\"qode-rml-line\"><\/div>\n\n\t\t\t\t\t\t\t<div class=\"qode-rml-price-holder\">\n\t\t\t\t\t<h5 class=\"qode-rml-price\">16,50\u20ac<\/h5>\n\t\t\t\t<\/div>\n\n\t\t\t\t\t<\/div>\n\t\t<div class=\"qode-rml-bottom-holder clearfix\">\n\t\t\t\t\t\t<h6 class=\"qode-rml-description-holder\">\n\t\t\t\tRaw Salmon Perfumed with Verbena Berries, Fresh Fries, and Salad\t\t\t<\/h6>\n\t\t\t\n\t\t\t\t\t<\/div>\n\t<\/div>\n\n<\/li><li class=\"qode-rml-item clearfix\">\n\t\t<div class=\"qode-rml-item-content\">\n\t\t<div class=\"qode-rml-top-holder\">\n\t\t\t<div class=\"qode-rml-title-holder\">\n\t\t\t\t<h5 class=\"qode-rml-title\">\n\t\t\t\t\tFlank steack\t\t\t\t<\/h5>\n\t\t\t<\/div>\n\t\t\t<div class=\"qode-rml-line\"><\/div>\n\n\t\t\t\t\t\t\t<div class=\"qode-rml-price-holder\">\n\t\t\t\t\t<h5 class=\"qode-rml-price\">16,90\u20ac<\/h5>\n\t\t\t\t<\/div>\n\n\t\t\t\t\t<\/div>\n\t\t<div class=\"qode-rml-bottom-holder clearfix\">\n\t\t\t\t\t\t<h6 class=\"qode-rml-description-holder\">\n\t\t\t\tSauce: pepper, french fries, salad\t\t\t<\/h6>\n\t\t\t\n\t\t\t\t\t<\/div>\n\t<\/div>\n\n<\/li><li class=\"qode-rml-item clearfix\">\n\t\t<div class=\"qode-rml-item-content\">\n\t\t<div class=\"qode-rml-top-holder\">\n\t\t\t<div class=\"qode-rml-title-holder\">\n\t\t\t\t<h5 class=\"qode-rml-title\">\n\t\t\t\t\tWelsh\t\t\t\t<\/h5>\n\t\t\t<\/div>\n\t\t\t<div class=\"qode-rml-line\"><\/div>\n\n\t\t\t\t\t\t\t<div class=\"qode-rml-price-holder\">\n\t\t\t\t\t<h5 class=\"qode-rml-price\">16,90\u20ac<\/h5>\n\t\t\t\t<\/div>\n\n\t\t\t\t\t<\/div>\n\t\t<div class=\"qode-rml-bottom-holder clearfix\">\n\t\t\t\t\t\t<h6 class=\"qode-rml-description-holder\">\n\t\t\t\tCheddar Galloway, Organic Moulin d&#039;Ascq Beer, Whole Grain Bread, White Ham, Mustard, French Fries\t\t\t<\/h6>\n\t\t\t\n\t\t\t\t\t\t\t<div class=\"qode-rml-label-holder\">\n\t\t\t\t\t<span class=\"qode-rml-label\">+egg 1\u20ac<\/span>\n\t\t\t\t<\/div>\n\t\t\t\t\t<\/div>\n\t<\/div>\n\n<\/li><li class=\"qode-rml-item clearfix\">\n\t\t<div class=\"qode-rml-item-content\">\n\t\t<div class=\"qode-rml-top-holder\">\n\t\t\t<div class=\"qode-rml-title-holder\">\n\t\t\t\t<h5 class=\"qode-rml-title\">\n\t\t\t\t\tSalmon Fillet and Tuscany-style Farfalle\t\t\t\t<\/h5>\n\t\t\t<\/div>\n\t\t\t<div class=\"qode-rml-line\"><\/div>\n\n\t\t\t\t\t\t\t<div class=\"qode-rml-price-holder\">\n\t\t\t\t\t<h5 class=\"qode-rml-price\">15,90\u20ac<\/h5>\n\t\t\t\t<\/div>\n\n\t\t\t\t\t<\/div>\n\t\t<div class=\"qode-rml-bottom-holder clearfix\">\n\t\t\t\t\t\t<h6 class=\"qode-rml-description-holder\">\n\t\t\t\tSalmon with creamy garlic sauce, parmesan, spinach, and cherry tomatoes, served with zebra-striped squid ink farfalle\t\t\t<\/h6>\n\t\t\t\n\t\t\t\t\t<\/div>\n\t<\/div>\n\n<\/li><li class=\"qode-rml-item clearfix\">\n\t\t<div class=\"qode-rml-item-content\">\n\t\t<div class=\"qode-rml-top-holder\">\n\t\t\t<div class=\"qode-rml-title-holder\">\n\t\t\t\t<h5 class=\"qode-rml-title\">\n\t\t\t\t\tFish &#038; Chips\t\t\t\t<\/h5>\n\t\t\t<\/div>\n\t\t\t<div class=\"qode-rml-line\"><\/div>\n\n\t\t\t\t\t\t\t<div class=\"qode-rml-price-holder\">\n\t\t\t\t\t<h5 class=\"qode-rml-price\">16,50\u20ac<\/h5>\n\t\t\t\t<\/div>\n\n\t\t\t\t\t<\/div>\n\t\t<div class=\"qode-rml-bottom-holder clearfix\">\n\t\t\t\t\t\t<h6 class=\"qode-rml-description-holder\">\n\t\t\t\tFried cod, tartar sauce, french fries and salad\t\t\t<\/h6>\n\t\t\t\n\t\t\t\t\t<\/div>\n\t<\/div>\n\n<\/li><li class=\"qode-rml-item clearfix\">\n\t\t<div class=\"qode-rml-item-content\">\n\t\t<div class=\"qode-rml-top-holder\">\n\t\t\t<div class=\"qode-rml-title-holder\">\n\t\t\t\t<h5 class=\"qode-rml-title\">\n\t\t\t\t\tCroziflette Morbier\t\t\t\t<\/h5>\n\t\t\t<\/div>\n\t\t\t<div class=\"qode-rml-line\"><\/div>\n\n\t\t\t\t\t\t\t<div class=\"qode-rml-price-holder\">\n\t\t\t\t\t<h5 class=\"qode-rml-price\">14,90\u20ac<\/h5>\n\t\t\t\t<\/div>\n\n\t\t\t\t\t<\/div>\n\t\t<div class=\"qode-rml-bottom-holder clearfix\">\n\t\t\t\t\t\t<h6 class=\"qode-rml-description-holder\">\n\t\t\t\tCrozets, Smoked Bacon, Red Onions, Sour Cream, Morbier Cheese\t\t\t<\/h6>\n\t\t\t\n\t\t\t\t\t<\/div>\n\t<\/div>\n\n<\/li><li class=\"qode-rml-item clearfix\">\n\t\t<div class=\"qode-rml-item-content\">\n\t\t<div class=\"qode-rml-top-holder\">\n\t\t\t<div class=\"qode-rml-title-holder\">\n\t\t\t\t<h5 class=\"qode-rml-title\">\n\t\t\t\t\tPumpkin and Tomme Cheese Risotto\t\t\t\t<\/h5>\n\t\t\t<\/div>\n\t\t\t<div class=\"qode-rml-line\"><\/div>\n\n\t\t\t\t\t\t\t<div class=\"qode-rml-price-holder\">\n\t\t\t\t\t<h5 class=\"qode-rml-price\">15,90\u20ac<\/h5>\n\t\t\t\t<\/div>\n\n\t\t\t\t\t<\/div>\n\t\t<div class=\"qode-rml-bottom-holder clearfix\">\n\t\t\t\t\t\t<h6 class=\"qode-rml-description-holder\">\n\t\t\t\tCreamy risotto with three-milk cheese (goat, sheep, cow) and saut\u00e9ed mushrooms\t\t\t<\/h6>\n\t\t\t\n\t\t\t\t\t<\/div>\n\t<\/div>\n\n<\/li><li class=\"qode-rml-item clearfix\">\n\t\t<div class=\"qode-rml-item-content\">\n\t\t<div class=\"qode-rml-top-holder\">\n\t\t\t<div class=\"qode-rml-title-holder\">\n\t\t\t\t<h5 class=\"qode-rml-title\">\n\t\t\t\t\tFlemish Beef Stew\t\t\t\t<\/h5>\n\t\t\t<\/div>\n\t\t\t<div class=\"qode-rml-line\"><\/div>\n\n\t\t\t\t\t\t\t<div class=\"qode-rml-price-holder\">\n\t\t\t\t\t<h5 class=\"qode-rml-price\">15,90\u20ac<\/h5>\n\t\t\t\t<\/div>\n\n\t\t\t\t\t<\/div>\n\t\t<div class=\"qode-rml-bottom-holder clearfix\">\n\t\t\t\t\t\t<h6 class=\"qode-rml-description-holder\">\n\t\t\t\tBraised beef in blonde beer with gingerbread, french fries, and salad\t\t\t<\/h6>\n\t\t\t\n\t\t\t\t\t<\/div>\n\t<\/div>\n\n<\/li><li class=\"qode-rml-item clearfix\">\n\t\t<div class=\"qode-rml-item-content\">\n\t\t<div class=\"qode-rml-top-holder\">\n\t\t\t<div class=\"qode-rml-title-holder\">\n\t\t\t\t<h5 class=\"qode-rml-title\">\n\t\t\t\t\tBeef tartare\t\t\t\t<\/h5>\n\t\t\t<\/div>\n\t\t\t<div class=\"qode-rml-line\"><\/div>\n\n\t\t\t\t\t\t\t<div class=\"qode-rml-price-holder\">\n\t\t\t\t\t<h5 class=\"qode-rml-price\">15,90\u20ac<\/h5>\n\t\t\t\t<\/div>\n\n\t\t\t\t\t<\/div>\n\t\t<div class=\"qode-rml-bottom-holder clearfix\">\n\t\t\t\t\t\t<h6 class=\"qode-rml-description-holder\">\n\t\t\t\tMinute steak, capers, onions, pickles, English sauce, Tabasco, french fries, and salad\t\t\t<\/h6>\n\t\t\t\n\t\t\t\t\t<\/div>\n\t<\/div>\n\n<\/li><\/ul><\/div>[\/qode_elements_holder_item][qode_elements_holder_item background_color=&#8221;#ffffff&#8221; item_padding=&#8221;90px 0px 100px 20px&#8221; vertical_alignment=&#8221;top&#8221; advanced_animations=&#8221;no&#8221; item_padding_600_768=&#8221;40px 40px 90px 40px&#8221; item_padding_480=&#8221;40px 20px 40px 20px&#8221;]<div class=\"qode-restaurant-menu-list\" ><div class=\"qode-restaurant-menu-list-holder-title-holder\"><h3 class=\"qode-restaurant-menu-list-holder-title\">Main Dishes<\/h3><h6 class=\"qode-restaurant-menu-list-holder-label\">Served with fresh fries or green salad (except soup)<span><\/span><\/h6><\/div><ul class=\"qode-rml-holder\"><li class=\"qode-rml-item clearfix\">\n\t\t<div class=\"qode-rml-item-content\">\n\t\t<div class=\"qode-rml-top-holder\">\n\t\t\t<div class=\"qode-rml-title-holder\">\n\t\t\t\t<h5 class=\"qode-rml-title\">\n\t\t\t\t\tVeggie Burger\t\t\t\t<\/h5>\n\t\t\t<\/div>\n\t\t\t<div class=\"qode-rml-line\"><\/div>\n\n\t\t\t\t\t\t\t<div class=\"qode-rml-price-holder\">\n\t\t\t\t\t<h5 class=\"qode-rml-price\">16,90\u20ac<\/h5>\n\t\t\t\t<\/div>\n\n\t\t\t\t\t<\/div>\n\t\t<div class=\"qode-rml-bottom-holder clearfix\">\n\t\t\t\t\t\t<h6 class=\"qode-rml-description-holder\">\n\t\t\t\tLentil Steak, Galloway Cheddar, Peacock Sauce, Pickled Onions, Tomato, Baby Greens, French Fries, and Salad\t\t\t<\/h6>\n\t\t\t\n\t\t\t\t\t<\/div>\n\t<\/div>\n\n<\/li><li class=\"qode-rml-item clearfix\">\n\t\t<div class=\"qode-rml-item-content\">\n\t\t<div class=\"qode-rml-top-holder\">\n\t\t\t<div class=\"qode-rml-title-holder\">\n\t\t\t\t<h5 class=\"qode-rml-title\">\n\t\t\t\t\tOld Fashioned Burger\t\t\t\t<\/h5>\n\t\t\t<\/div>\n\t\t\t<div class=\"qode-rml-line\"><\/div>\n\n\t\t\t\t\t\t\t<div class=\"qode-rml-price-holder\">\n\t\t\t\t\t<h5 class=\"qode-rml-price\">18,90\u20ac<\/h5>\n\t\t\t\t<\/div>\n\n\t\t\t\t\t<\/div>\n\t\t<div class=\"qode-rml-bottom-holder clearfix\">\n\t\t\t\t\t\t<h6 class=\"qode-rml-description-holder\">\n\t\t\t\tFreshly Ground Beef Steak, Galloway Cheddar, Smoked Bacon, Poached Egg, Peacock Sauce, Pickled Onions, Tomato, Baby Greens, French Fries, Salad\t\t\t<\/h6>\n\t\t\t\n\t\t\t\t\t<\/div>\n\t<\/div>\n\n<\/li><li class=\"qode-rml-item clearfix\">\n\t\t<div class=\"qode-rml-item-content\">\n\t\t<div class=\"qode-rml-top-holder\">\n\t\t\t<div class=\"qode-rml-title-holder\">\n\t\t\t\t<h5 class=\"qode-rml-title\">\n\t\t\t\t\tPeacock Burger\t\t\t\t<\/h5>\n\t\t\t<\/div>\n\t\t\t<div class=\"qode-rml-line\"><\/div>\n\n\t\t\t\t\t\t\t<div class=\"qode-rml-price-holder\">\n\t\t\t\t\t<h5 class=\"qode-rml-price\">17,90\u20ac<\/h5>\n\t\t\t\t<\/div>\n\n\t\t\t\t\t<\/div>\n\t\t<div class=\"qode-rml-bottom-holder clearfix\">\n\t\t\t\t\t\t<h6 class=\"qode-rml-description-holder\">\n\t\t\t\tFreshly Ground Beef Steak, Bergues Cheese, Peacock Sauce, Pickled Onions, Tomato, Baby Greens, French Fries\t\t\t<\/h6>\n\t\t\t\n\t\t\t\t\t<\/div>\n\t<\/div>\n\n<\/li><li class=\"qode-rml-item clearfix\">\n\t\t<div class=\"qode-rml-item-content\">\n\t\t<div class=\"qode-rml-top-holder\">\n\t\t\t<div class=\"qode-rml-title-holder\">\n\t\t\t\t<h5 class=\"qode-rml-title\">\n\t\t\t\t\tChicken Burger\t\t\t\t<\/h5>\n\t\t\t<\/div>\n\t\t\t<div class=\"qode-rml-line\"><\/div>\n\n\t\t\t\t\t\t\t<div class=\"qode-rml-price-holder\">\n\t\t\t\t\t<h5 class=\"qode-rml-price\">17,90\u20ac<\/h5>\n\t\t\t\t<\/div>\n\n\t\t\t\t\t<\/div>\n\t\t<div class=\"qode-rml-bottom-holder clearfix\">\n\t\t\t\t\t\t<h6 class=\"qode-rml-description-holder\">\n\t\t\t\tHomemade crispy chicken, Galloway cheddar, honey mustard sauce, pickled onions, tomato, spinach sprouts, french fries, and salad\t\t\t<\/h6>\n\t\t\t\n\t\t\t\t\t<\/div>\n\t<\/div>\n\n<\/li><\/ul><\/div>[vc_empty_space height=&#8221;75px&#8221;]<div class=\"qode-restaurant-menu-list\" ><div class=\"qode-restaurant-menu-list-holder-title-holder\"><h3 class=\"qode-restaurant-menu-list-holder-title\">Desserts<\/h3><h6 class=\"qode-restaurant-menu-list-holder-label\"><span><\/span><\/h6><\/div><ul class=\"qode-rml-holder\"><li class=\"qode-rml-item clearfix\">\n\t\t<div class=\"qode-rml-item-content\">\n\t\t<div class=\"qode-rml-top-holder\">\n\t\t\t<div class=\"qode-rml-title-holder\">\n\t\t\t\t<h5 class=\"qode-rml-title\">\n\t\t\t\t\tDark Chocolate Molten Cake\t\t\t\t<\/h5>\n\t\t\t<\/div>\n\t\t\t<div class=\"qode-rml-line\"><\/div>\n\n\t\t\t\t\t\t\t<div class=\"qode-rml-price-holder\">\n\t\t\t\t\t<h5 class=\"qode-rml-price\">6,50\u20ac<\/h5>\n\t\t\t\t<\/div>\n\n\t\t\t\t\t<\/div>\n\t\t<div class=\"qode-rml-bottom-holder clearfix\">\n\t\t\t\n\t\t\t\t\t<\/div>\n\t<\/div>\n\n<\/li><li class=\"qode-rml-item clearfix\">\n\t\t<div class=\"qode-rml-item-content\">\n\t\t<div class=\"qode-rml-top-holder\">\n\t\t\t<div class=\"qode-rml-title-holder\">\n\t\t\t\t<h5 class=\"qode-rml-title\">\n\t\t\t\t\tBanoffee Verrine\t\t\t\t<\/h5>\n\t\t\t<\/div>\n\t\t\t<div class=\"qode-rml-line\"><\/div>\n\n\t\t\t\t\t\t\t<div class=\"qode-rml-price-holder\">\n\t\t\t\t\t<h5 class=\"qode-rml-price\">6,50\u20ac<\/h5>\n\t\t\t\t<\/div>\n\n\t\t\t\t\t<\/div>\n\t\t<div class=\"qode-rml-bottom-holder clearfix\">\n\t\t\t\t\t\t<h6 class=\"qode-rml-description-holder\">\n\t\t\t\tSaut\u00e9ed Caramelized Banana, Mascarpone, Biscuit\t\t\t<\/h6>\n\t\t\t\n\t\t\t\t\t<\/div>\n\t<\/div>\n\n<\/li><li class=\"qode-rml-item clearfix\">\n\t\t<div class=\"qode-rml-item-content\">\n\t\t<div class=\"qode-rml-top-holder\">\n\t\t\t<div class=\"qode-rml-title-holder\">\n\t\t\t\t<h5 class=\"qode-rml-title\">\n\t\t\t\t\tWhite Chocolate and Speculoos Mousse\t\t\t\t<\/h5>\n\t\t\t<\/div>\n\t\t\t<div class=\"qode-rml-line\"><\/div>\n\n\t\t\t\t\t\t\t<div class=\"qode-rml-price-holder\">\n\t\t\t\t\t<h5 class=\"qode-rml-price\">6,50\u20ac<\/h5>\n\t\t\t\t<\/div>\n\n\t\t\t\t\t<\/div>\n\t\t<div class=\"qode-rml-bottom-holder clearfix\">\n\t\t\t\n\t\t\t\t\t<\/div>\n\t<\/div>\n\n<\/li><li class=\"qode-rml-item clearfix\">\n\t\t<div class=\"qode-rml-item-content\">\n\t\t<div class=\"qode-rml-top-holder\">\n\t\t\t<div class=\"qode-rml-title-holder\">\n\t\t\t\t<h5 class=\"qode-rml-title\">\n\t\t\t\t\tVanilla and Tonka Bean Cr\u00e8me Br\u00fbl\u00e9e\t\t\t\t<\/h5>\n\t\t\t<\/div>\n\t\t\t<div class=\"qode-rml-line\"><\/div>\n\n\t\t\t\t\t\t\t<div class=\"qode-rml-price-holder\">\n\t\t\t\t\t<h5 class=\"qode-rml-price\">6,50\u20ac<\/h5>\n\t\t\t\t<\/div>\n\n\t\t\t\t\t<\/div>\n\t\t<div class=\"qode-rml-bottom-holder clearfix\">\n\t\t\t\n\t\t\t\t\t<\/div>\n\t<\/div>\n\n<\/li><\/ul><\/div>[\/qode_elements_holder_item][\/qode_elements_holder][\/vc_column][\/vc_row][vc_row css_animation=&#8221;&#8221; row_type=&#8221;row&#8221; use_row_as_full_screen_section=&#8221;no&#8221; type=&#8221;grid&#8221; angled_section=&#8221;no&#8221; text_align=&#8221;left&#8221; background_image_as_pattern=&#8221;without_pattern&#8221; z_index=&#8221;&#8221; css=&#8221;.vc_custom_1546620507280{margin-bottom: 5% !important;}&#8221;][vc_column]<div class=\"qode-advanced-image-gallery imagemenu qode-aig-masonry-type qode-tiny-space  qode-image-behavior-zoom \">\n\t<div class=\"qode-aig-inner qode-outer-space qode-aig-masonry qode-aig-three-columns\">\n\t\t<div class=\"qode-aig-grid-sizer\"><\/div>\n\t\t<div class=\"qode-aig-grid-gutter\"><\/div>\n\t\t\t\t\t\t\t\t<div class=\"qode-aig-image qode-item-space qode-aig-default-masonry-item\">\n\t\t\t\t<div class=\"qode-aig-image-inner\">\n\t\t\t\t\t\t\t\t\t\t\t<img loading=\"lazy\" decoding=\"async\" width=\"300\" height=\"200\" src=\"https:\/\/cafe-peacock.fr\/wp-content\/uploads\/2018\/12\/IMG_3233-300x200.jpg\" class=\"attachment-medium size-medium\" alt=\"\" srcset=\"https:\/\/cafe-peacock.fr\/wp-content\/uploads\/2018\/12\/IMG_3233-300x200.jpg 300w, https:\/\/cafe-peacock.fr\/wp-content\/uploads\/2018\/12\/IMG_3233-768x512.jpg 768w, https:\/\/cafe-peacock.fr\/wp-content\/uploads\/2018\/12\/IMG_3233-1024x683.jpg 1024w, https:\/\/cafe-peacock.fr\/wp-content\/uploads\/2018\/12\/IMG_3233-700x467.jpg 700w\" sizes=\"(max-width: 300px) 100vw, 300px\" \/>\t\t\t\t\t\t<span class=\"aig-gallery-hover\">\n\t\t\t\t\t\t\t\t\t\t\t\t\t<\/span>\n\t\t\t\t\t\t\t\t\t<\/div>\n\t\t\t<\/div>\n\t\t\t\t\t\t\t\t<div class=\"qode-aig-image qode-item-space qode-aig-default-masonry-item\">\n\t\t\t\t<div class=\"qode-aig-image-inner\">\n\t\t\t\t\t\t\t\t\t\t\t<img loading=\"lazy\" decoding=\"async\" width=\"300\" height=\"200\" src=\"https:\/\/cafe-peacock.fr\/wp-content\/uploads\/2018\/12\/IMG_3307-300x200.jpg\" class=\"attachment-medium size-medium\" alt=\"\" srcset=\"https:\/\/cafe-peacock.fr\/wp-content\/uploads\/2018\/12\/IMG_3307-300x200.jpg 300w, https:\/\/cafe-peacock.fr\/wp-content\/uploads\/2018\/12\/IMG_3307-768x512.jpg 768w, https:\/\/cafe-peacock.fr\/wp-content\/uploads\/2018\/12\/IMG_3307-1024x683.jpg 1024w, https:\/\/cafe-peacock.fr\/wp-content\/uploads\/2018\/12\/IMG_3307-700x467.jpg 700w\" sizes=\"(max-width: 300px) 100vw, 300px\" \/>\t\t\t\t\t\t<span class=\"aig-gallery-hover\">\n\t\t\t\t\t\t\t\t\t\t\t\t\t<\/span>\n\t\t\t\t\t\t\t\t\t<\/div>\n\t\t\t<\/div>\n\t\t\t\t\t\t\t\t<div class=\"qode-aig-image qode-item-space qode-aig-default-masonry-item\">\n\t\t\t\t<div class=\"qode-aig-image-inner\">\n\t\t\t\t\t\t\t\t\t\t\t<img loading=\"lazy\" decoding=\"async\" width=\"300\" height=\"200\" src=\"https:\/\/cafe-peacock.fr\/wp-content\/uploads\/2018\/12\/IMG_3184-300x200.jpg\" class=\"attachment-medium size-medium\" alt=\"\" srcset=\"https:\/\/cafe-peacock.fr\/wp-content\/uploads\/2018\/12\/IMG_3184-300x200.jpg 300w, https:\/\/cafe-peacock.fr\/wp-content\/uploads\/2018\/12\/IMG_3184-768x512.jpg 768w, https:\/\/cafe-peacock.fr\/wp-content\/uploads\/2018\/12\/IMG_3184-1024x683.jpg 1024w, https:\/\/cafe-peacock.fr\/wp-content\/uploads\/2018\/12\/IMG_3184-700x467.jpg 700w\" sizes=\"(max-width: 300px) 100vw, 300px\" \/>\t\t\t\t\t\t<span class=\"aig-gallery-hover\">\n\t\t\t\t\t\t\t\t\t\t\t\t\t<\/span>\n\t\t\t\t\t\t\t\t\t<\/div>\n\t\t\t<\/div>\n\t\t\t<\/div>\n<\/div>[\/vc_column][\/vc_row]<\/p>\n","protected":false},"excerpt":{"rendered":"<p>[vc_row css_animation=&#8221;&#8221; row_type=&#8221;row&#8221; use_row_as_full_screen_section=&#8221;no&#8221; type=&#8221;grid&#8221; angled_section=&#8221;no&#8221; text_align=&#8221;center&#8221; background_image_as_pattern=&#8221;without_pattern&#8221; css=&#8221;.vc_custom_1546444682417{margin-top: 5% !important;padding-bottom: 5% !important;}&#8221; z_index=&#8221;&#8221;][vc_column][qode_elements_holder number_of_columns=&#8221;two_columns&#8221;][qode_elements_holder_item background_color=&#8221;#ffffff&#8221; item_padding=&#8221;90px 20px 25px 0px&#8221; vertical_alignment=&#8221;top&#8221; advanced_animations=&#8221;no&#8221; item_padding_600_768=&#8221;90px 40px 0px 40px&#8221; item_padding_480=&#8221;60px 20px 0px 20px&#8221;][vc_empty_space height=&#8221;75px&#8221;][\/qode_elements_holder_item][qode_elements_holder_item background_color=&#8221;#ffffff&#8221; item_padding=&#8221;90px 0px 100px 20px&#8221; vertical_alignment=&#8221;top&#8221; advanced_animations=&#8221;no&#8221; item_padding_600_768=&#8221;40px 40px 90px 40px&#8221; item_padding_480=&#8221;40px 20px 40px&#8230;<\/p>\n","protected":false},"author":1,"featured_media":0,"parent":0,"menu_order":0,"comment_status":"closed","ping_status":"closed","template":"full_width.php","meta":{"footnotes":""},"_links":{"self":[{"href":"https:\/\/cafe-peacock.fr\/en\/wp-json\/wp\/v2\/pages\/334"}],"collection":[{"href":"https:\/\/cafe-peacock.fr\/en\/wp-json\/wp\/v2\/pages"}],"about":[{"href":"https:\/\/cafe-peacock.fr\/en\/wp-json\/wp\/v2\/types\/page"}],"author":[{"embeddable":true,"href":"https:\/\/cafe-peacock.fr\/en\/wp-json\/wp\/v2\/users\/1"}],"replies":[{"embeddable":true,"href":"https:\/\/cafe-peacock.fr\/en\/wp-json\/wp\/v2\/comments?post=334"}],"version-history":[{"count":35,"href":"https:\/\/cafe-peacock.fr\/en\/wp-json\/wp\/v2\/pages\/334\/revisions"}],"predecessor-version":[{"id":1914,"href":"https:\/\/cafe-peacock.fr\/en\/wp-json\/wp\/v2\/pages\/334\/revisions\/1914"}],"wp:attachment":[{"href":"https:\/\/cafe-peacock.fr\/en\/wp-json\/wp\/v2\/media?parent=334"}],"curies":[{"name":"wp","href":"https:\/\/api.w.org\/{rel}","templated":true}]}}